{"id":7,"date":"2021-01-05T16:47:58","date_gmt":"2021-01-05T21:47:58","guid":{"rendered":"https:\/\/gpsites.co\/search\/?page_id=7"},"modified":"2022-08-03T22:48:45","modified_gmt":"2022-08-03T20:48:45","slug":"home","status":"publish","type":"page","link":"https:\/\/goodstaff-berlin.de\/en\/","title":{"rendered":"Home"},"content":{"rendered":"<div class=\"gb-container gb-container-c1f1455e\"><div class=\"gb-inside-container\">\n<div class=\"gb-grid-wrapper gb-grid-wrapper-3ad94129\">\n<div class=\"gb-grid-column gb-grid-column-a9445b77\"><div class=\"gb-container gb-container-a9445b77\"><div class=\"gb-inside-container\">\n\n<h1 class=\"gb-headline gb-headline-6758775c gb-headline-text\">No successful event without the right team.<\/h1>\n\n\n\n<p>With our team, every event will be remembered!<\/p>\n\n\n<div class=\"gb-button-wrapper gb-button-wrapper-d82ba490\">\n\n<a class=\"gb-button gb-button-03be1ffa gb-button-text button\" href=\"\/en\/join-us\/\">I would like to work<\/a>\n\n\n\n<a class=\"gb-button gb-button-c93da5fe gb-button-text\" href=\"\/en\/book-us\/\">I am looking for staff<\/a>\n\n<\/div>\n<\/div><\/div><\/div>\n<\/div>\n<\/div><div class=\"gb-shapes\"><div class=\"gb-shape gb-shape-1\"><svg xmlns=\"http:\/\/www.w3.org\/2000\/svg\" viewbox=\"0 0 1200 100\" preserveaspectratio=\"none\"><path d=\"M1200 100H0V0l400 77.2L1200 0z\"\/><\/svg><\/div><\/div><\/div>\n\n<div class=\"gb-container gb-container-4be02b6a\"><div class=\"gb-inside-container\">\n<div class=\"gb-grid-wrapper gb-grid-wrapper-bb5d0db5\">\n<div class=\"gb-grid-column gb-grid-column-50c092b4\"><div class=\"gb-container gb-container-50c092b4\"><div class=\"gb-inside-container\"><\/div><\/div><\/div>\n\n<div class=\"gb-grid-column gb-grid-column-b733da9b\"><div class=\"gb-container gb-container-b733da9b\"><div class=\"gb-inside-container\">\n\n<p class=\"has-contrast-2-color has-text-color\">The success of every event stands and falls with the perfect interaction of everyone involved. Whether stagehand on stage, runner in the background, bartender at the bar or security guard at the entrance - every job is important!<\/p>\n\n\n\n<p class=\"has-contrast-2-color has-text-color\">This is where our expertise lies! The Good Staff Berlin team ensures that the small and large cogs mesh perfectly and that everyone benefits - organizers, locations, production, employees and, of course, the guests!<\/p>\n\n<\/div><\/div><\/div>\n<\/div>\n<\/div><\/div>\n\n\n<p class=\"gb-headline gb-headline-1c8dcdb9\"><span class=\"gb-icon\"><svg viewbox=\"0 0 36.7 3\" xmlns=\"http:\/\/www.w3.org\/2000\/svg\"><path d=\"M0 0h36.7v3H0z\"><\/path><\/svg><\/span><span class=\"gb-headline-text\">Partners<\/span><\/p>\n\n\n<div class=\"gb-container gb-container-681a4658 partner\" id=\"partner\"><div class=\"gb-inside-container\">\n<div class=\"gb-grid-wrapper gb-grid-wrapper-7a2f6e4e\">\n<div class=\"gb-grid-column gb-grid-column-bd9c8d0e\"><div class=\"gb-container gb-container-bd9c8d0e\"><div class=\"gb-inside-container\">\n\n<figure class=\"wp-block-image size-full\"><a href=\"https:\/\/channelmusic.de\" target=\"_blank\" rel=\"noopener\"><img loading=\"lazy\" decoding=\"async\" width=\"400\" height=\"155\" src=\"https:\/\/goodstaff-berlin.de\/wp-content\/uploads\/2022\/02\/channelmusic_logo.svg\" alt=\"\" class=\"wp-image-2402\"\/><\/a><\/figure>\n\n<\/div><\/div><\/div>\n\n<div class=\"gb-grid-column gb-grid-column-f618447b\"><div class=\"gb-container gb-container-f618447b\"><div class=\"gb-inside-container\">\n\n<figure class=\"wp-block-image size-full\"><a href=\"https:\/\/metropol-berlin.de\" target=\"_blank\" rel=\"noopener\"><img loading=\"lazy\" decoding=\"async\" width=\"262\" height=\"107\" src=\"https:\/\/goodstaff-berlin.de\/wp-content\/uploads\/2022\/03\/metropol_logo.svg\" alt=\"\" class=\"wp-image-2587\"\/><\/a><\/figure>\n\n<\/div><\/div><\/div>\n\n<div class=\"gb-grid-column gb-grid-column-07e8ae21\"><div class=\"gb-container gb-container-07e8ae21\"><div class=\"gb-inside-container\">\n\n<figure class=\"wp-block-image size-full\"><a href=\"https:\/\/huxleysneuewelt.de\" target=\"_blank\" rel=\"noopener\"><img loading=\"lazy\" decoding=\"async\" width=\"316\" height=\"93\" src=\"https:\/\/goodstaff-berlin.de\/wp-content\/uploads\/2022\/03\/huxleys_logo.svg\" alt=\"\" class=\"wp-image-2585\"\/><\/a><\/figure>\n\n<\/div><\/div><\/div>\n\n<div class=\"gb-grid-column gb-grid-column-9c094aed\"><div class=\"gb-container gb-container-9c094aed\"><div class=\"gb-inside-container\">\n\n<figure class=\"wp-block-image size-full\"><a href=\"https:\/\/www.desertfest.de\/\" target=\"_blank\" rel=\"noopener\"><img loading=\"lazy\" decoding=\"async\" width=\"1370\" height=\"396\" src=\"https:\/\/goodstaff-berlin.de\/wp-content\/uploads\/2022\/08\/desertfest_logo.svg\" alt=\"\" class=\"wp-image-2661\"\/><\/a><\/figure>\n\n<\/div><\/div><\/div>\n\n<div class=\"gb-grid-column gb-grid-column-76c07ef1\"><div class=\"gb-container gb-container-76c07ef1\"><div class=\"gb-inside-container\">\n\n<figure class=\"wp-block-image size-full\"><a href=\"https:\/\/hole-berlin.de\" target=\"_blank\" rel=\"noopener\"><img loading=\"lazy\" decoding=\"async\" width=\"500\" height=\"251\" src=\"https:\/\/goodstaff-berlin.de\/wp-content\/uploads\/2022\/03\/hole_logo.png\" alt=\"\" class=\"wp-image-2613\" srcset=\"https:\/\/goodstaff-berlin.de\/wp-content\/uploads\/2022\/03\/hole_logo.png 500w, https:\/\/goodstaff-berlin.de\/wp-content\/uploads\/2022\/03\/hole_logo-300x151.png 300w\" sizes=\"auto, (max-width: 500px) 100vw, 500px\" \/><\/a><\/figure>\n\n<\/div><\/div><\/div>\n\n<div class=\"gb-grid-column gb-grid-column-8f59a2fb\"><div class=\"gb-container gb-container-8f59a2fb\"><div class=\"gb-inside-container\">\n\n<figure class=\"wp-block-image size-large\"><a href=\"https:\/\/citadel-music-festival.de\" target=\"_blank\" rel=\"noopener\"><img loading=\"lazy\" decoding=\"async\" width=\"308\" height=\"99\" src=\"https:\/\/goodstaff-berlin.de\/wp-content\/uploads\/2022\/03\/cmf_logo.svg\" alt=\"\" class=\"wp-image-2607\"\/><\/a><\/figure>\n\n<\/div><\/div><\/div>\n\n<div class=\"gb-grid-column gb-grid-column-86aa9a36\"><div class=\"gb-container gb-container-86aa9a36\"><div class=\"gb-inside-container\">\n\n<figure class=\"wp-block-image size-full\"><a href=\"https:\/\/quasimodo.de\" target=\"_blank\" rel=\"noopener\"><img loading=\"lazy\" decoding=\"async\" width=\"308\" height=\"99\" src=\"https:\/\/goodstaff-berlin.de\/wp-content\/uploads\/2022\/03\/quasimodo_logo.svg\" alt=\"\" class=\"wp-image-2601\"\/><\/a><\/figure>\n\n<\/div><\/div><\/div>\n\n<div class=\"gb-grid-column gb-grid-column-3be060d9\"><div class=\"gb-container gb-container-3be060d9\"><div class=\"gb-inside-container\">\n\n<figure class=\"wp-block-image size-full\"><a href=\"https:\/\/www.arena.berlin\/\" target=\"_blank\" rel=\"noopener\"><img decoding=\"async\" src=\"https:\/\/goodstaff-berlin.de\/wp-content\/uploads\/2022\/08\/arenaberlin_logo.svg\" alt=\"\" class=\"wp-image-2658\"\/><\/a><\/figure>\n\n<\/div><\/div><\/div>\n\n<div class=\"gb-grid-column gb-grid-column-104bb081\"><div class=\"gb-container gb-container-104bb081\"><div class=\"gb-inside-container\">\n\n<figure class=\"wp-block-image size-full\"><a href=\"https:\/\/trinitymusic.de\" target=\"_blank\" rel=\"noopener\"><img loading=\"lazy\" decoding=\"async\" width=\"400\" height=\"155\" src=\"https:\/\/goodstaff-berlin.de\/wp-content\/uploads\/2022\/02\/trinitymusic_logo.svg\" alt=\"\" class=\"wp-image-2417\"\/><\/a><\/figure>\n\n<\/div><\/div><\/div>\n\n<div class=\"gb-grid-column gb-grid-column-8ccdcb1b\"><div class=\"gb-container gb-container-8ccdcb1b\"><div class=\"gb-inside-container\">\n<div class=\"wp-block-image\">\n<figure class=\"aligncenter size-full is-resized\"><a href=\"https:\/\/www.inselberlin.de\/\" target=\"_blank\" rel=\"noopener\"><img decoding=\"async\" src=\"https:\/\/goodstaff-berlin.de\/wp-content\/uploads\/2022\/08\/inselberlin_logo.svg\" alt=\"\" class=\"wp-image-2679\" width=\"110\"\/><\/a><\/figure>\n<\/div>\n<\/div><\/div><\/div>\n\n<div class=\"gb-grid-column gb-grid-column-0729f3a2\"><div class=\"gb-container gb-container-0729f3a2\"><div class=\"gb-inside-container\">\n\n<figure class=\"wp-block-image size-full\"><a href=\"https:\/\/channelvenues.de\" target=\"_blank\" rel=\"noopener\"><img loading=\"lazy\" decoding=\"async\" width=\"436\" height=\"155\" src=\"https:\/\/goodstaff-berlin.de\/wp-content\/uploads\/2022\/03\/channelvenues_logo.svg\" alt=\"\" class=\"wp-image-2493\"\/><\/a><\/figure>\n\n<\/div><\/div><\/div>\n<\/div>\n<\/div><\/div>\n\n<div class=\"gb-container gb-container-efb08b12\" id=\"benefits\"><div class=\"gb-inside-container\">\n\n<p class=\"gb-headline gb-headline-ebd47fe1\"><span class=\"gb-icon\"><svg viewbox=\"0 0 36.7 3\" xmlns=\"http:\/\/www.w3.org\/2000\/svg\"><path d=\"M0 0h36.7v3H0z\"><\/path><\/svg><\/span><span class=\"gb-headline-text\">Your advantages?<\/span><\/p>\n\n\n<div class=\"gb-grid-wrapper gb-grid-wrapper-8b52f8f5\">\n<div class=\"gb-grid-column gb-grid-column-8f400fc5\"><div class=\"gb-container gb-container-8f400fc5\"><div class=\"gb-inside-container\">\n\n<h4 class=\"gb-headline gb-headline-1f8959c4 gb-headline-text\">What advantages does Good Staff Berlin offer me as a venue\/location?<\/h4>\n\n\n<div class=\"gb-button-wrapper gb-button-wrapper-33fabb25\">\n\n<a class=\"gb-button gb-button-70507aac arrow-link\" href=\"\/en\/good-staff-vorteile-fur-venues-locations\/\"><span class=\"gb-button-text\">Show post<\/span><span class=\"gb-icon\"><svg height=\"30\" width=\"30\" xmlns=\"http:\/\/www.w3.org\/2000\/svg\" fill=\"none\" viewbox=\"0 0 15 15\"><path fill=\"currentColor\" d=\"M8.5 4.793L11.207 7.5 8.5 10.207 7.793 9.5l1.5-1.5H4V7h5.293l-1.5-1.5.707-.707z\" clip-rule=\"evenodd\" fill-rule=\"evenodd\"><\/path><\/svg><\/span><\/a>\n\n<\/div>\n<\/div><\/div><\/div>\n\n<div class=\"gb-grid-column gb-grid-column-b344dbaa\"><div class=\"gb-container gb-container-b344dbaa\"><div class=\"gb-inside-container\">\n\n<h4 class=\"gb-headline gb-headline-c10bb295 gb-headline-text\"><strong>&nbsp;What advantages does Good Staff Berlin offer me as a team member?<\/strong><\/h4>\n\n\n<div class=\"gb-button-wrapper gb-button-wrapper-d7d2a8da\">\n\n<a class=\"gb-button gb-button-b1fc2f2b arrow-link\" href=\"\/en\/vorteile-als-good-staff-teammitglied\/\"><span class=\"gb-button-text\">Show post<\/span><span class=\"gb-icon\"><svg height=\"30\" width=\"30\" xmlns=\"http:\/\/www.w3.org\/2000\/svg\" fill=\"none\" viewbox=\"0 0 15 15\"><path fill=\"currentColor\" d=\"M8.5 4.793L11.207 7.5 8.5 10.207 7.793 9.5l1.5-1.5H4V7h5.293l-1.5-1.5.707-.707z\" clip-rule=\"evenodd\" fill-rule=\"evenodd\"><\/path><\/svg><\/span><\/a>\n\n<\/div>\n<\/div><\/div><\/div>\n<\/div>\n<\/div><div class=\"gb-shapes\"><div class=\"gb-shape gb-shape-1\"><svg xmlns=\"http:\/\/www.w3.org\/2000\/svg\" viewbox=\"0 0 1200 100\" preserveaspectratio=\"none\"><path d=\"M1200 100H0V0l400 77.2L1200 0z\"\/><\/svg><\/div><\/div><\/div>","protected":false},"excerpt":{"rendered":"<p>Partner Deine Vorteile?<\/p>","protected":false},"author":2,"featured_media":2277,"parent":0,"menu_order":0,"comment_status":"closed","ping_status":"closed","template":"","meta":{"_acf_changed":false,"footnotes":""},"class_list":["post-7","page","type-page","status-publish","has-post-thumbnail"],"acf":[],"yoast_head":"<!-- This site is optimized with the Yoast SEO plugin v27.2 - https:\/\/yoast.com\/product\/yoast-seo-wordpress\/ -->\n<title>Good Staff Berlin - Personalvermittlung<\/title>\n<meta name=\"description\" content=\"Das Team von Good Staff Berlin sorgt daf\u00fcr, dass die kleinen und gro\u00dfen R\u00e4dchen perfekt ineinander greifen und alle davon profitieren.\" \/>\n<meta name=\"robots\" content=\"index, follow, max-snippet:-1, max-image-preview:large, max-video-preview:-1\" \/>\n<link rel=\"canonical\" href=\"https:\/\/goodstaff-berlin.de\/en\/\" \/>\n<meta property=\"og:locale\" content=\"en_GB\" \/>\n<meta property=\"og:type\" content=\"article\" \/>\n<meta property=\"og:title\" content=\"Good Staff Berlin - Personalvermittlung\" \/>\n<meta property=\"og:description\" content=\"Das Team von Good Staff Berlin sorgt daf\u00fcr, dass die kleinen und gro\u00dfen R\u00e4dchen perfekt ineinander greifen und alle davon profitieren.\" \/>\n<meta property=\"og:url\" content=\"https:\/\/goodstaff-berlin.de\/en\/\" \/>\n<meta property=\"og:site_name\" content=\"Good Staff Berlin\" \/>\n<meta property=\"article:publisher\" content=\"https:\/\/facebook.com\/goodstaffberlin\" \/>\n<meta property=\"article:modified_time\" content=\"2022-08-03T20:48:45+00:00\" \/>\n<meta property=\"og:image\" content=\"https:\/\/goodstaff-berlin.de\/wp-content\/uploads\/2021\/11\/bg.webp\" \/>\n\t<meta property=\"og:image:width\" content=\"1905\" \/>\n\t<meta property=\"og:image:height\" content=\"1070\" \/>\n\t<meta property=\"og:image:type\" content=\"image\/webp\" \/>\n<meta name=\"twitter:card\" content=\"summary_large_image\" \/>\n<meta name=\"twitter:site\" content=\"@goodstaffberlin\" \/>\n<meta name=\"twitter:label1\" content=\"Estimated reading time\" \/>\n\t<meta name=\"twitter:data1\" content=\"3 minutes\" \/>\n<script type=\"application\/ld+json\" class=\"yoast-schema-graph\">{\"@context\":\"https:\/\/schema.org\",\"@graph\":[{\"@type\":\"WebPage\",\"@id\":\"https:\/\/goodstaff-berlin.de\/\",\"url\":\"https:\/\/goodstaff-berlin.de\/\",\"name\":\"Good Staff Berlin - Personalvermittlung\",\"isPartOf\":{\"@id\":\"https:\/\/goodstaff-berlin.de\/#website\"},\"primaryImageOfPage\":{\"@id\":\"https:\/\/goodstaff-berlin.de\/#primaryimage\"},\"image\":{\"@id\":\"https:\/\/goodstaff-berlin.de\/#primaryimage\"},\"thumbnailUrl\":\"https:\/\/goodstaff-berlin.de\/wp-content\/uploads\/2021\/11\/bg.webp\",\"datePublished\":\"2021-01-05T21:47:58+00:00\",\"dateModified\":\"2022-08-03T20:48:45+00:00\",\"description\":\"Das Team von Good Staff Berlin sorgt daf\u00fcr, dass die kleinen und gro\u00dfen R\u00e4dchen perfekt ineinander greifen und alle davon profitieren.\",\"breadcrumb\":{\"@id\":\"https:\/\/goodstaff-berlin.de\/#breadcrumb\"},\"inLanguage\":\"en-GB\",\"potentialAction\":[{\"@type\":\"ReadAction\",\"target\":[\"https:\/\/goodstaff-berlin.de\/\"]}]},{\"@type\":\"ImageObject\",\"inLanguage\":\"en-GB\",\"@id\":\"https:\/\/goodstaff-berlin.de\/#primaryimage\",\"url\":\"https:\/\/goodstaff-berlin.de\/wp-content\/uploads\/2021\/11\/bg.webp\",\"contentUrl\":\"https:\/\/goodstaff-berlin.de\/wp-content\/uploads\/2021\/11\/bg.webp\",\"width\":1905,\"height\":1070},{\"@type\":\"BreadcrumbList\",\"@id\":\"https:\/\/goodstaff-berlin.de\/#breadcrumb\",\"itemListElement\":[{\"@type\":\"ListItem\",\"position\":1,\"name\":\"Startseite\",\"item\":\"https:\/\/goodstaff-berlin.de\/\"},{\"@type\":\"ListItem\",\"position\":2,\"name\":\"Home\"}]},{\"@type\":\"WebSite\",\"@id\":\"https:\/\/goodstaff-berlin.de\/#website\",\"url\":\"https:\/\/goodstaff-berlin.de\/\",\"name\":\"Good Staff Berlin\",\"description\":\"Personalvermittlung\",\"publisher\":{\"@id\":\"https:\/\/goodstaff-berlin.de\/#organization\"},\"potentialAction\":[{\"@type\":\"SearchAction\",\"target\":{\"@type\":\"EntryPoint\",\"urlTemplate\":\"https:\/\/goodstaff-berlin.de\/?s={search_term_string}\"},\"query-input\":{\"@type\":\"PropertyValueSpecification\",\"valueRequired\":true,\"valueName\":\"search_term_string\"}}],\"inLanguage\":\"en-GB\"},{\"@type\":\"Organization\",\"@id\":\"https:\/\/goodstaff-berlin.de\/#organization\",\"name\":\"Good Staff Berlin GmbH\",\"url\":\"https:\/\/goodstaff-berlin.de\/\",\"logo\":{\"@type\":\"ImageObject\",\"inLanguage\":\"en-GB\",\"@id\":\"https:\/\/goodstaff-berlin.de\/#\/schema\/logo\/image\/\",\"url\":\"https:\/\/goodstaff-berlin.de\/wp-content\/uploads\/2022\/02\/logo_black.svg\",\"contentUrl\":\"https:\/\/goodstaff-berlin.de\/wp-content\/uploads\/2022\/02\/logo_black.svg\",\"width\":487,\"height\":467,\"caption\":\"Good Staff Berlin GmbH\"},\"image\":{\"@id\":\"https:\/\/goodstaff-berlin.de\/#\/schema\/logo\/image\/\"},\"sameAs\":[\"https:\/\/facebook.com\/goodstaffberlin\",\"https:\/\/x.com\/goodstaffberlin\",\"https:\/\/instagram.com\/goodstaffberlin\",\"https:\/\/linkedin.com\/company\/goodstaffberlin\"]}]}<\/script>\n<!-- \/ Yoast SEO plugin. -->","yoast_head_json":{"title":"Good Staff Berlin - Personalvermittlung","description":"Das Team von Good Staff Berlin sorgt daf\u00fcr, dass die kleinen und gro\u00dfen R\u00e4dchen perfekt ineinander greifen und alle davon profitieren.","robots":{"index":"index","follow":"follow","max-snippet":"max-snippet:-1","max-image-preview":"max-image-preview:large","max-video-preview":"max-video-preview:-1"},"canonical":"https:\/\/goodstaff-berlin.de\/en\/","og_locale":"en_GB","og_type":"article","og_title":"Good Staff Berlin - Personalvermittlung","og_description":"Das Team von Good Staff Berlin sorgt daf\u00fcr, dass die kleinen und gro\u00dfen R\u00e4dchen perfekt ineinander greifen und alle davon profitieren.","og_url":"https:\/\/goodstaff-berlin.de\/en\/","og_site_name":"Good Staff Berlin","article_publisher":"https:\/\/facebook.com\/goodstaffberlin","article_modified_time":"2022-08-03T20:48:45+00:00","og_image":[{"width":1905,"height":1070,"url":"https:\/\/goodstaff-berlin.de\/wp-content\/uploads\/2021\/11\/bg.webp","type":"image\/webp"}],"twitter_card":"summary_large_image","twitter_site":"@goodstaffberlin","twitter_misc":{"Estimated reading time":"3 minutes"},"schema":{"@context":"https:\/\/schema.org","@graph":[{"@type":"WebPage","@id":"https:\/\/goodstaff-berlin.de\/","url":"https:\/\/goodstaff-berlin.de\/","name":"Good Staff Berlin - Personalvermittlung","isPartOf":{"@id":"https:\/\/goodstaff-berlin.de\/#website"},"primaryImageOfPage":{"@id":"https:\/\/goodstaff-berlin.de\/#primaryimage"},"image":{"@id":"https:\/\/goodstaff-berlin.de\/#primaryimage"},"thumbnailUrl":"https:\/\/goodstaff-berlin.de\/wp-content\/uploads\/2021\/11\/bg.webp","datePublished":"2021-01-05T21:47:58+00:00","dateModified":"2022-08-03T20:48:45+00:00","description":"Das Team von Good Staff Berlin sorgt daf\u00fcr, dass die kleinen und gro\u00dfen R\u00e4dchen perfekt ineinander greifen und alle davon profitieren.","breadcrumb":{"@id":"https:\/\/goodstaff-berlin.de\/#breadcrumb"},"inLanguage":"en-GB","potentialAction":[{"@type":"ReadAction","target":["https:\/\/goodstaff-berlin.de\/"]}]},{"@type":"ImageObject","inLanguage":"en-GB","@id":"https:\/\/goodstaff-berlin.de\/#primaryimage","url":"https:\/\/goodstaff-berlin.de\/wp-content\/uploads\/2021\/11\/bg.webp","contentUrl":"https:\/\/goodstaff-berlin.de\/wp-content\/uploads\/2021\/11\/bg.webp","width":1905,"height":1070},{"@type":"BreadcrumbList","@id":"https:\/\/goodstaff-berlin.de\/#breadcrumb","itemListElement":[{"@type":"ListItem","position":1,"name":"Startseite","item":"https:\/\/goodstaff-berlin.de\/"},{"@type":"ListItem","position":2,"name":"Home"}]},{"@type":"WebSite","@id":"https:\/\/goodstaff-berlin.de\/#website","url":"https:\/\/goodstaff-berlin.de\/","name":"Good Staff Berlin","description":"Personalvermittlung","publisher":{"@id":"https:\/\/goodstaff-berlin.de\/#organization"},"potentialAction":[{"@type":"SearchAction","target":{"@type":"EntryPoint","urlTemplate":"https:\/\/goodstaff-berlin.de\/?s={search_term_string}"},"query-input":{"@type":"PropertyValueSpecification","valueRequired":true,"valueName":"search_term_string"}}],"inLanguage":"en-GB"},{"@type":"Organization","@id":"https:\/\/goodstaff-berlin.de\/#organization","name":"Good Staff Berlin GmbH","url":"https:\/\/goodstaff-berlin.de\/","logo":{"@type":"ImageObject","inLanguage":"en-GB","@id":"https:\/\/goodstaff-berlin.de\/#\/schema\/logo\/image\/","url":"https:\/\/goodstaff-berlin.de\/wp-content\/uploads\/2022\/02\/logo_black.svg","contentUrl":"https:\/\/goodstaff-berlin.de\/wp-content\/uploads\/2022\/02\/logo_black.svg","width":487,"height":467,"caption":"Good Staff Berlin GmbH"},"image":{"@id":"https:\/\/goodstaff-berlin.de\/#\/schema\/logo\/image\/"},"sameAs":["https:\/\/facebook.com\/goodstaffberlin","https:\/\/x.com\/goodstaffberlin","https:\/\/instagram.com\/goodstaffberlin","https:\/\/linkedin.com\/company\/goodstaffberlin"]}]}},"_links":{"self":[{"href":"https:\/\/goodstaff-berlin.de\/en\/wp-json\/wp\/v2\/pages\/7","targetHints":{"allow":["GET"]}}],"collection":[{"href":"https:\/\/goodstaff-berlin.de\/en\/wp-json\/wp\/v2\/pages"}],"about":[{"href":"https:\/\/goodstaff-berlin.de\/en\/wp-json\/wp\/v2\/types\/page"}],"author":[{"embeddable":true,"href":"https:\/\/goodstaff-berlin.de\/en\/wp-json\/wp\/v2\/users\/2"}],"replies":[{"embeddable":true,"href":"https:\/\/goodstaff-berlin.de\/en\/wp-json\/wp\/v2\/comments?post=7"}],"version-history":[{"count":104,"href":"https:\/\/goodstaff-berlin.de\/en\/wp-json\/wp\/v2\/pages\/7\/revisions"}],"predecessor-version":[{"id":2762,"href":"https:\/\/goodstaff-berlin.de\/en\/wp-json\/wp\/v2\/pages\/7\/revisions\/2762"}],"wp:featuredmedia":[{"embeddable":true,"href":"https:\/\/goodstaff-berlin.de\/en\/wp-json\/wp\/v2\/media\/2277"}],"wp:attachment":[{"href":"https:\/\/goodstaff-berlin.de\/en\/wp-json\/wp\/v2\/media?parent=7"}],"curies":[{"name":"wp","href":"https:\/\/api.w.org\/{rel}","templated":true}]}}