{"id":2438,"date":"2022-02-21T17:45:24","date_gmt":"2022-02-21T16:45:24","guid":{"rendered":"https:\/\/goodstaff-berlin.de\/?page_id=2438"},"modified":"2022-03-24T16:04:09","modified_gmt":"2022-03-24T15:04:09","slug":"book-us","status":"publish","type":"page","link":"https:\/\/goodstaff-berlin.de\/en\/book-us\/","title":{"rendered":"Book us!"},"content":{"rendered":"<div class=\"gb-container gb-container-4be02b6a\"><div class=\"gb-inside-container\">\n<div class=\"gb-grid-wrapper gb-grid-wrapper-bb5d0db5\">\n<div class=\"gb-grid-column gb-grid-column-b733da9b\"><div class=\"gb-container gb-container-b733da9b\"><div class=\"gb-inside-container\">\n\n<p>Ein gro\u00dfes, gut geschultes Team von Servicekr\u00e4ften, Barkeeper*innen, Runner, Hands, Ordner*innen unterst\u00fctzt dich tatkr\u00e4ftig bei deinen Events. Unsere Mitarbeiter*innen werden regelm\u00e4\u00dfig in verschiedensten Bereichen geschult und liefern dir den Service den du brauchst.<\/p>\n\n\n\n<p>Professionell, Serviceorientiert und zuverl\u00e4ssig; auch wenn es einmal bis in die fr\u00fchen Morgenstunden geht.<\/p>\n\n\n\n<p>Barkeeper*innen, Servicekr\u00e4fte, Runner, Hands, Logistiker*innen, Ordner*innen \u2013 Alles aus einer Hand.<\/p>\n\n\n\n<p>#wearegoodstaff<\/p>\n\n<\/div><\/div><\/div>\n<\/div>\n<\/div><\/div>\n\n<div class=\"gb-container gb-container-efb08b12\" id=\"benefits\"><div class=\"gb-inside-container\">\n\n<p class=\"gb-headline gb-headline-ebd47fe1\"><span class=\"gb-icon\"><svg viewBox=\"0 0 36.7 3\" xmlns=\"http:\/\/www.w3.org\/2000\/svg\"><path d=\"M0 0h36.7v3H0z\"><\/path><\/svg><\/span><span class=\"gb-headline-text\">Personalanfrage f\u00fcr Entleiher<\/span><\/p>\n\n\n\n<div class=\"wp-block-contact-form-7-contact-form-selector\">\n<div class=\"wpcf7 no-js\" id=\"wpcf7-f2553-o1\" lang=\"de-DE\" dir=\"ltr\" data-wpcf7-id=\"2553\">\n<div class=\"screen-reader-response\"><p role=\"status\" aria-live=\"polite\" aria-atomic=\"true\"><\/p> <ul><\/ul><\/div>\n<form action=\"\/en\/wp-json\/wp\/v2\/pages\/2438#wpcf7-f2553-o1\" method=\"post\" class=\"wpcf7-form init\" aria-label=\"Kontaktformular\" novalidate=\"novalidate\" data-status=\"init\">\n<fieldset class=\"hidden-fields-container\"><input type=\"hidden\" name=\"_wpcf7\" value=\"2553\" \/><input type=\"hidden\" name=\"_wpcf7_version\" value=\"6.1.5\" \/><input type=\"hidden\" name=\"_wpcf7_locale\" value=\"de_DE\" \/><input type=\"hidden\" name=\"_wpcf7_unit_tag\" value=\"wpcf7-f2553-o1\" \/><input type=\"hidden\" name=\"_wpcf7_container_post\" value=\"0\" \/><input type=\"hidden\" name=\"_wpcf7_posted_data_hash\" value=\"\" \/><input type=\"hidden\" name=\"_wpcf7cf_hidden_group_fields\" value=\"[]\" \/><input type=\"hidden\" name=\"_wpcf7cf_hidden_groups\" value=\"[]\" \/><input type=\"hidden\" name=\"_wpcf7cf_visible_groups\" value=\"[]\" \/><input type=\"hidden\" name=\"_wpcf7cf_repeaters\" value=\"[]\" \/><input type=\"hidden\" name=\"_wpcf7cf_steps\" value=\"{}\" \/><input type=\"hidden\" name=\"_wpcf7cf_options\" value=\"{&quot;form_id&quot;:2553,&quot;conditions&quot;:[{&quot;then_field&quot;:&quot;entleiherdaten&quot;,&quot;and_rules&quot;:[{&quot;if_field&quot;:&quot;firmenname&quot;,&quot;operator&quot;:&quot;not equals&quot;,&quot;if_value&quot;:&quot;K5bg0uuzWK&quot;}]},{&quot;then_field&quot;:&quot;veranstaltungsinfos&quot;,&quot;and_rules&quot;:[{&quot;if_field&quot;:&quot;firmenname&quot;,&quot;operator&quot;:&quot;not equals&quot;,&quot;if_value&quot;:&quot;&quot;},{&quot;if_field&quot;:&quot;rechnungsadresse&quot;,&quot;operator&quot;:&quot;not equals&quot;,&quot;if_value&quot;:&quot;&quot;},{&quot;if_field&quot;:&quot;ansprechpartner&quot;,&quot;operator&quot;:&quot;not equals&quot;,&quot;if_value&quot;:&quot;&quot;},{&quot;if_field&quot;:&quot;your-phone&quot;,&quot;operator&quot;:&quot;not equals&quot;,&quot;if_value&quot;:&quot;&quot;},{&quot;if_field&quot;:&quot;your-email&quot;,&quot;operator&quot;:&quot;not equals&quot;,&quot;if_value&quot;:&quot;&quot;}]},{&quot;then_field&quot;:&quot;personaldetails&quot;,&quot;and_rules&quot;:[{&quot;if_field&quot;:&quot;veranstaltungsname&quot;,&quot;operator&quot;:&quot;not equals&quot;,&quot;if_value&quot;:&quot;&quot;},{&quot;if_field&quot;:&quot;veranstaltungsort&quot;,&quot;operator&quot;:&quot;not equals&quot;,&quot;if_value&quot;:&quot;&quot;},{&quot;if_field&quot;:&quot;veranstaltungsbeschreibung&quot;,&quot;operator&quot;:&quot;not equals&quot;,&quot;if_value&quot;:&quot;&quot;},{&quot;if_field&quot;:&quot;zeitraum&quot;,&quot;operator&quot;:&quot;not equals&quot;,&quot;if_value&quot;:&quot;&quot;},{&quot;if_field&quot;:&quot;guests&quot;,&quot;operator&quot;:&quot;not equals&quot;,&quot;if_value&quot;:&quot;&quot;}]}],&quot;settings&quot;:{&quot;animation&quot;:&quot;yes&quot;,&quot;animation_intime&quot;:200,&quot;animation_outtime&quot;:200,&quot;conditions_ui&quot;:&quot;normal&quot;,&quot;notice_dismissed&quot;:false,&quot;notice_dismissed_rollback-cf7-5.9.5&quot;:true,&quot;notice_dismissed_rollback-cf7-6.0.3&quot;:true}}\" \/>\n<\/fieldset>\n<div class=\"booking-form\">\n<div data-id=\"entleiherdaten\" data-orig_data_id=\"entleiherdaten\"  class=\"\" data-class=\"wpcf7cf_group\">\n<h3>1\/3 Entleiherdaten<\/h3>\n<label> Firmenname: <input size=\"40\" maxlength=\"400\" class=\"wpcf7-form-control wpcf7-text wpcf7-validates-as-required\" aria-required=\"true\" aria-invalid=\"false\" value=\"\" type=\"text\" name=\"firmenname\" \/> <\/label><br>\n<label> Rechnungsadresse: <textarea cols=\"40\" rows=\"10\" maxlength=\"2000\" class=\"wpcf7-form-control wpcf7-textarea wpcf7-validates-as-required rechnungsadresse\" id=\"rechnungsadresse\" aria-required=\"true\" aria-invalid=\"false\" name=\"rechnungsadresse\"><\/textarea> <\/label><br>\n<label> Ansprechpartner: <input size=\"40\" maxlength=\"400\" class=\"wpcf7-form-control wpcf7-text wpcf7-validates-as-required ansprechpartner\" id=\"ansprechpartner\" aria-required=\"true\" aria-invalid=\"false\" value=\"\" type=\"text\" name=\"ansprechpartner\" \/><\/label><br>\n<label> E-Mail-Adresse: <input size=\"40\" maxlength=\"400\" class=\"wpcf7-form-control wpcf7-email wpcf7-validates-as-required wpcf7-text wpcf7-validates-as-email your-email\" id=\"your-email\" aria-required=\"true\" aria-invalid=\"false\" value=\"\" type=\"email\" name=\"your-email\" \/> <\/label><br>\n<label> Telefon: <input size=\"40\" maxlength=\"400\" class=\"wpcf7-form-control wpcf7-tel wpcf7-validates-as-required wpcf7-text wpcf7-validates-as-tel your-phone\" id=\"your-phone\" aria-required=\"true\" aria-invalid=\"false\" value=\"\" type=\"tel\" name=\"your-phone\" \/> <\/label>\n\n<\/div>\n\n<div data-id=\"veranstaltungsinfos\" data-orig_data_id=\"veranstaltungsinfos\"  class=\"\" data-class=\"wpcf7cf_group\">\n<hr>\n<h3>2\/3 Veranstaltungsinfos<\/h3>\n<label> Veranstaltungsname: <input size=\"40\" maxlength=\"400\" class=\"wpcf7-form-control wpcf7-text wpcf7-validates-as-required\" aria-required=\"true\" aria-invalid=\"false\" value=\"\" type=\"text\" name=\"veranstaltungsname\" \/> <\/label><br>\n<label> Veranstaltungsort: <input size=\"40\" maxlength=\"400\" class=\"wpcf7-form-control wpcf7-text wpcf7-validates-as-required\" aria-required=\"true\" aria-invalid=\"false\" value=\"\" type=\"text\" name=\"veranstaltungsort\" \/> <\/label><br>\n<label> Veranstaltungsbeschreibung: <input size=\"40\" maxlength=\"400\" class=\"wpcf7-form-control wpcf7-text wpcf7-validates-as-required\" aria-required=\"true\" aria-invalid=\"false\" value=\"\" type=\"text\" name=\"veranstaltungsbeschreibung\" \/> <\/label><br>\n<label> Zeitraum: <input size=\"40\" maxlength=\"400\" class=\"wpcf7-form-control wpcf7-text wpcf7-validates-as-required zeitraum\" id=\"zeitraum\" aria-required=\"true\" aria-invalid=\"false\" placeholder=\"(von bis\/Datum\/Uhrzeit)\" value=\"\" type=\"text\" name=\"zeitraum\" \/><\/label><br>\n<label> Erwartete G\u00e4steanzahl: <input size=\"40\" maxlength=\"400\" class=\"wpcf7-form-control wpcf7-text wpcf7-validates-as-required\" aria-required=\"true\" aria-invalid=\"false\" value=\"\" type=\"text\" name=\"guests\" \/> <\/label>\n<\/div>\n\n<div data-id=\"personaldetails\" data-orig_data_id=\"personaldetails\"  class=\"\" data-class=\"wpcf7cf_group\">\n<hr>\n<h3>3\/3 Personaldetails<\/h3>\n<label> Anzahl ben\u00f6tigter Mitarbeiter <small>(Gesamtbedarf in Zahlen)<\/small>: <input class=\"wpcf7-form-control wpcf7-number wpcf7-validates-as-required wpcf7-validates-as-number staffcount\" id=\"staffcount\" min=\"1\" max=\"100\" aria-required=\"true\" aria-invalid=\"false\" value=\"\" type=\"number\" name=\"staffcount\" \/> <\/label><br>\n<label> Anzahl ben\u00f6tigter Pax-Stunden <small>(Gesamtbedarf der Arbeitsstunden der ben\u00f6tigten Mitarbeiter)<\/small>: <input class=\"wpcf7-form-control wpcf7-number wpcf7-validates-as-required wpcf7-validates-as-number staffhours\" id=\"staffhours\" min=\"1\" max=\"1000\" aria-required=\"true\" aria-invalid=\"false\" value=\"\" type=\"number\" name=\"staffhours\" \/> <\/label><br>\n<label>Zu besetzende Positionen: <input size=\"40\" maxlength=\"400\" class=\"wpcf7-form-control wpcf7-text wpcf7-validates-as-required\" aria-required=\"true\" aria-invalid=\"false\" placeholder=\"(an Bar\/Garderobe\/Runner\/Hand\/Service\/Ordner*innen)\" value=\"\" type=\"text\" name=\"staffposition\" \/> <\/label><br>\n\n<div class=\"grid-100 consent\"><span class=\"wpcf7-form-control wpcf7-acceptance\"><span class=\"wpcf7-list-item\"><input type=\"checkbox\" name=\"your-consent\" value=\"1\" id=\"your-consent\" aria-invalid=\"false\" \/><\/span><\/span> <label for=\"your-consent\">Ich habe die <a href=\"\/privacy-policy\" target=\"_blank\">Datenschutzerkl\u00e4rung<\/a> zur Kenntnis genommen und ich stimme zu, dass meine Angaben zur Kontaktaufnahme und f\u00fcr R\u00fcckfragen dauerhaft gespeichert werden.<\/label><\/div>\n<\/div>\n<input class=\"wpcf7-form-control wpcf7-submit has-spinner\" type=\"submit\" value=\"Senden\" \/>\n\n<\/div><div class=\"wpcf7-response-output\" aria-hidden=\"true\"><\/div>\n<\/form>\n<\/div>\n<\/div>\n\n<\/div><div class=\"gb-shapes\"><div class=\"gb-shape gb-shape-1\"><svg xmlns=\"http:\/\/www.w3.org\/2000\/svg\" viewBox=\"0 0 1200 100\" preserveAspectRatio=\"none\"><path d=\"M1200 100H0V0l400 77.2L1200 0z\"\/><\/svg><\/div><\/div><\/div>","protected":false},"excerpt":{"rendered":"<p>Staff request for hirers<\/p>","protected":false},"author":2,"featured_media":0,"parent":0,"menu_order":0,"comment_status":"closed","ping_status":"closed","template":"","meta":{"_acf_changed":false,"footnotes":""},"class_list":["post-2438","page","type-page","status-publish"],"acf":[],"yoast_head":"<!-- This site is optimized with the Yoast SEO plugin v27.3 - https:\/\/yoast.com\/product\/yoast-seo-wordpress\/ -->\n<title>Book us! - Good Staff Berlin<\/title>\n<meta name=\"robots\" content=\"index, follow, max-snippet:-1, max-image-preview:large, max-video-preview:-1\" \/>\n<link rel=\"canonical\" href=\"https:\/\/goodstaff-berlin.de\/en\/book-us\/\" \/>\n<meta property=\"og:locale\" content=\"en_GB\" \/>\n<meta property=\"og:type\" content=\"article\" \/>\n<meta property=\"og:title\" content=\"Book us! - Good Staff Berlin\" \/>\n<meta property=\"og:description\" content=\"Personalanfrage f\u00fcr Entleiher\" \/>\n<meta property=\"og:url\" content=\"https:\/\/goodstaff-berlin.de\/en\/book-us\/\" \/>\n<meta property=\"og:site_name\" content=\"Good Staff Berlin\" \/>\n<meta property=\"article:publisher\" content=\"https:\/\/facebook.com\/goodstaffberlin\" \/>\n<meta property=\"article:modified_time\" content=\"2022-03-24T15:04:09+00:00\" \/>\n<meta name=\"twitter:card\" content=\"summary_large_image\" \/>\n<meta name=\"twitter:site\" content=\"@goodstaffberlin\" \/>\n<script type=\"application\/ld+json\" class=\"yoast-schema-graph\">{\"@context\":\"https:\\\/\\\/schema.org\",\"@graph\":[{\"@type\":\"WebPage\",\"@id\":\"https:\\\/\\\/goodstaff-berlin.de\\\/book-us\\\/\",\"url\":\"https:\\\/\\\/goodstaff-berlin.de\\\/book-us\\\/\",\"name\":\"Book us! - Good Staff Berlin\",\"isPartOf\":{\"@id\":\"https:\\\/\\\/goodstaff-berlin.de\\\/#website\"},\"datePublished\":\"2022-02-21T16:45:24+00:00\",\"dateModified\":\"2022-03-24T15:04:09+00:00\",\"breadcrumb\":{\"@id\":\"https:\\\/\\\/goodstaff-berlin.de\\\/book-us\\\/#breadcrumb\"},\"inLanguage\":\"en-GB\",\"potentialAction\":[{\"@type\":\"ReadAction\",\"target\":[\"https:\\\/\\\/goodstaff-berlin.de\\\/book-us\\\/\"]}]},{\"@type\":\"BreadcrumbList\",\"@id\":\"https:\\\/\\\/goodstaff-berlin.de\\\/book-us\\\/#breadcrumb\",\"itemListElement\":[{\"@type\":\"ListItem\",\"position\":1,\"name\":\"Startseite\",\"item\":\"https:\\\/\\\/goodstaff-berlin.de\\\/\"},{\"@type\":\"ListItem\",\"position\":2,\"name\":\"Book us!\"}]},{\"@type\":\"WebSite\",\"@id\":\"https:\\\/\\\/goodstaff-berlin.de\\\/#website\",\"url\":\"https:\\\/\\\/goodstaff-berlin.de\\\/\",\"name\":\"Good Staff Berlin\",\"description\":\"Personalvermittlung\",\"publisher\":{\"@id\":\"https:\\\/\\\/goodstaff-berlin.de\\\/#organization\"},\"potentialAction\":[{\"@type\":\"SearchAction\",\"target\":{\"@type\":\"EntryPoint\",\"urlTemplate\":\"https:\\\/\\\/goodstaff-berlin.de\\\/?s={search_term_string}\"},\"query-input\":{\"@type\":\"PropertyValueSpecification\",\"valueRequired\":true,\"valueName\":\"search_term_string\"}}],\"inLanguage\":\"en-GB\"},{\"@type\":\"Organization\",\"@id\":\"https:\\\/\\\/goodstaff-berlin.de\\\/#organization\",\"name\":\"Good Staff Berlin GmbH\",\"url\":\"https:\\\/\\\/goodstaff-berlin.de\\\/\",\"logo\":{\"@type\":\"ImageObject\",\"inLanguage\":\"en-GB\",\"@id\":\"https:\\\/\\\/goodstaff-berlin.de\\\/#\\\/schema\\\/logo\\\/image\\\/\",\"url\":\"https:\\\/\\\/goodstaff-berlin.de\\\/wp-content\\\/uploads\\\/2022\\\/02\\\/logo_black.svg\",\"contentUrl\":\"https:\\\/\\\/goodstaff-berlin.de\\\/wp-content\\\/uploads\\\/2022\\\/02\\\/logo_black.svg\",\"width\":487,\"height\":467,\"caption\":\"Good Staff Berlin GmbH\"},\"image\":{\"@id\":\"https:\\\/\\\/goodstaff-berlin.de\\\/#\\\/schema\\\/logo\\\/image\\\/\"},\"sameAs\":[\"https:\\\/\\\/facebook.com\\\/goodstaffberlin\",\"https:\\\/\\\/x.com\\\/goodstaffberlin\",\"https:\\\/\\\/instagram.com\\\/goodstaffberlin\",\"https:\\\/\\\/linkedin.com\\\/company\\\/goodstaffberlin\"]}]}<\/script>\n<!-- \/ Yoast SEO plugin. -->","yoast_head_json":{"title":"Book us! - Good Staff Berlin","robots":{"index":"index","follow":"follow","max-snippet":"max-snippet:-1","max-image-preview":"max-image-preview:large","max-video-preview":"max-video-preview:-1"},"canonical":"https:\/\/goodstaff-berlin.de\/en\/book-us\/","og_locale":"en_GB","og_type":"article","og_title":"Book us! - Good Staff Berlin","og_description":"Personalanfrage f\u00fcr Entleiher","og_url":"https:\/\/goodstaff-berlin.de\/en\/book-us\/","og_site_name":"Good Staff Berlin","article_publisher":"https:\/\/facebook.com\/goodstaffberlin","article_modified_time":"2022-03-24T15:04:09+00:00","twitter_card":"summary_large_image","twitter_site":"@goodstaffberlin","schema":{"@context":"https:\/\/schema.org","@graph":[{"@type":"WebPage","@id":"https:\/\/goodstaff-berlin.de\/book-us\/","url":"https:\/\/goodstaff-berlin.de\/book-us\/","name":"Book us! - Good Staff Berlin","isPartOf":{"@id":"https:\/\/goodstaff-berlin.de\/#website"},"datePublished":"2022-02-21T16:45:24+00:00","dateModified":"2022-03-24T15:04:09+00:00","breadcrumb":{"@id":"https:\/\/goodstaff-berlin.de\/book-us\/#breadcrumb"},"inLanguage":"en-GB","potentialAction":[{"@type":"ReadAction","target":["https:\/\/goodstaff-berlin.de\/book-us\/"]}]},{"@type":"BreadcrumbList","@id":"https:\/\/goodstaff-berlin.de\/book-us\/#breadcrumb","itemListElement":[{"@type":"ListItem","position":1,"name":"Startseite","item":"https:\/\/goodstaff-berlin.de\/"},{"@type":"ListItem","position":2,"name":"Book us!"}]},{"@type":"WebSite","@id":"https:\/\/goodstaff-berlin.de\/#website","url":"https:\/\/goodstaff-berlin.de\/","name":"Good Staff Berlin","description":"Personalvermittlung","publisher":{"@id":"https:\/\/goodstaff-berlin.de\/#organization"},"potentialAction":[{"@type":"SearchAction","target":{"@type":"EntryPoint","urlTemplate":"https:\/\/goodstaff-berlin.de\/?s={search_term_string}"},"query-input":{"@type":"PropertyValueSpecification","valueRequired":true,"valueName":"search_term_string"}}],"inLanguage":"en-GB"},{"@type":"Organization","@id":"https:\/\/goodstaff-berlin.de\/#organization","name":"Good Staff Berlin GmbH","url":"https:\/\/goodstaff-berlin.de\/","logo":{"@type":"ImageObject","inLanguage":"en-GB","@id":"https:\/\/goodstaff-berlin.de\/#\/schema\/logo\/image\/","url":"https:\/\/goodstaff-berlin.de\/wp-content\/uploads\/2022\/02\/logo_black.svg","contentUrl":"https:\/\/goodstaff-berlin.de\/wp-content\/uploads\/2022\/02\/logo_black.svg","width":487,"height":467,"caption":"Good Staff Berlin GmbH"},"image":{"@id":"https:\/\/goodstaff-berlin.de\/#\/schema\/logo\/image\/"},"sameAs":["https:\/\/facebook.com\/goodstaffberlin","https:\/\/x.com\/goodstaffberlin","https:\/\/instagram.com\/goodstaffberlin","https:\/\/linkedin.com\/company\/goodstaffberlin"]}]}},"_links":{"self":[{"href":"https:\/\/goodstaff-berlin.de\/en\/wp-json\/wp\/v2\/pages\/2438","targetHints":{"allow":["GET"]}}],"collection":[{"href":"https:\/\/goodstaff-berlin.de\/en\/wp-json\/wp\/v2\/pages"}],"about":[{"href":"https:\/\/goodstaff-berlin.de\/en\/wp-json\/wp\/v2\/types\/page"}],"author":[{"embeddable":true,"href":"https:\/\/goodstaff-berlin.de\/en\/wp-json\/wp\/v2\/users\/2"}],"replies":[{"embeddable":true,"href":"https:\/\/goodstaff-berlin.de\/en\/wp-json\/wp\/v2\/comments?post=2438"}],"version-history":[{"count":10,"href":"https:\/\/goodstaff-berlin.de\/en\/wp-json\/wp\/v2\/pages\/2438\/revisions"}],"predecessor-version":[{"id":2571,"href":"https:\/\/goodstaff-berlin.de\/en\/wp-json\/wp\/v2\/pages\/2438\/revisions\/2571"}],"wp:attachment":[{"href":"https:\/\/goodstaff-berlin.de\/en\/wp-json\/wp\/v2\/media?parent=2438"}],"curies":[{"name":"wp","href":"https:\/\/api.w.org\/{rel}","templated":true}]}}